{"id":12219,"date":"2026-01-29T10:35:21","date_gmt":"2026-01-29T09:35:21","guid":{"rendered":"https:\/\/alicelapeyre.fr\/dc\/?page_id=12219"},"modified":"2026-03-04T21:38:15","modified_gmt":"2026-03-04T20:38:15","slug":"contact","status":"publish","type":"page","link":"https:\/\/alicelapeyre.fr\/dc\/contact\/","title":{"rendered":"Contact"},"content":{"rendered":"<div>\n<div class=\"wpcf7 no-js\" id=\"wpcf7-f10678-o1\" lang=\"fr-FR\" dir=\"ltr\" data-wpcf7-id=\"10678\">\n<div class=\"screen-reader-response\"><p role=\"status\" aria-live=\"polite\" aria-atomic=\"true\"><\/p> <ul><\/ul><\/div>\n<form action=\"\/dc\/wp-json\/wp\/v2\/pages\/12219#wpcf7-f10678-o1\" method=\"post\" class=\"wpcf7-form init\" aria-label=\"Formulaire de contact\" novalidate=\"novalidate\" data-status=\"init\">\n<fieldset class=\"hidden-fields-container\"><input type=\"hidden\" name=\"_wpcf7\" value=\"10678\" \/><input type=\"hidden\" name=\"_wpcf7_version\" value=\"6.1.5\" \/><input type=\"hidden\" name=\"_wpcf7_locale\" value=\"fr_FR\" \/><input type=\"hidden\" name=\"_wpcf7_unit_tag\" value=\"wpcf7-f10678-o1\" \/><input type=\"hidden\" name=\"_wpcf7_container_post\" value=\"0\" \/><input type=\"hidden\" name=\"_wpcf7_posted_data_hash\" value=\"\" \/>\n<\/fieldset>\n<p><label> Votre nom \/ entreprise *<br \/>\n<span class=\"wpcf7-form-control-wrap\" data-name=\"your-name\"><input size=\"40\" maxlength=\"400\" class=\"wpcf7-form-control wpcf7-text wpcf7-validates-as-required\" aria-required=\"true\" aria-invalid=\"false\" value=\"\" type=\"text\" name=\"your-name\" \/><\/span> <\/label>\n<\/p>\n<p><label> Votre e-mail *<br \/>\n<span class=\"wpcf7-form-control-wrap\" data-name=\"your-email\"><input size=\"40\" maxlength=\"400\" class=\"wpcf7-form-control wpcf7-email wpcf7-validates-as-required wpcf7-text wpcf7-validates-as-email\" aria-required=\"true\" aria-invalid=\"false\" value=\"\" type=\"email\" name=\"your-email\" \/><\/span> <\/label>\n<\/p>\n<p><label> Objet<br \/>\n<span class=\"wpcf7-form-control-wrap\" data-name=\"your-subject\"><input size=\"40\" maxlength=\"400\" class=\"wpcf7-form-control wpcf7-text\" aria-invalid=\"false\" value=\"\" type=\"text\" name=\"your-subject\" \/><\/span> <\/label>\n<\/p>\n<p><label> Votre message<br \/>\n<span class=\"wpcf7-form-control-wrap\" data-name=\"your-message\"><textarea cols=\"40\" rows=\"10\" maxlength=\"2000\" class=\"wpcf7-form-control wpcf7-textarea\" aria-invalid=\"false\" name=\"your-message\"><\/textarea><\/span> <\/label>\n<\/p>\n<p><input class=\"wpcf7-form-control wpcf7-submit has-spinner\" type=\"submit\" value=\"Envoyer\" \/>\n<\/p><div class=\"wpcf7-response-output\" aria-hidden=\"true\"><\/div>\n<\/form>\n<\/div>\n<\/div>\n<h1>Vous souhaitez me contacter ?<br \/>C&rsquo;est bien ici\u00a0 !<\/h1>\n<ul>\n<li>\n<h3>T\u00e9l\u00e9phone<\/h3>\n<p><a href=\"tel:+33622397230\">06 22 39 72 30<\/a><\/p>\n<\/li>\n<li>\n<h3>E-Mail<\/h3>\n<p><a href=\"mailto:contact@alicelapeyre.fr\">contact@alicelapeyre.fr<\/a><\/p>\n<\/li>\n<\/ul>\n<ul>\n<li>\n<p><a href=\"https:\/\/www.instagram.com\/alicelapeyre_\/\">@alicelapeyre_<\/a><\/p>\n<\/li>\n<li>\n<p><a href=\"https:\/\/www.facebook.com\/alicelapeyrestudio\">@alicelapeyrestudio<\/a><\/p>\n<\/li>\n<\/ul>\n<h2>VENIR \u00e0 L&rsquo;EXPO<\/h2>\n<div>\n<p><a href=\"https:\/\/www.google.com\/maps\/dir\/\/Chapelle+du+Tiers-Ordre+de+Saint+Dominique,+Pl.+de+la+R%C3%A9volution+Fran%C3%A7aise,+66000+Perpignan\/data=!4m6!4m5!1m1!4e2!1m2!1m1!1s0x12b06fb2ba911267:0xef9a7b460e64fee5?sa=X&amp;ved=1t:57443&amp;ictx=111\" target=\"_blank\" rel=\"noopener\">Chapelle du Tiers-Ordre<\/a><br \/><a href=\"https:\/\/www.google.com\/maps\/dir\/\/Chapelle+du+Tiers-Ordre+de+Saint+Dominique,+Pl.+de+la+R%C3%A9volution+Fran%C3%A7aise,+66000+Perpignan\/data=!4m6!4m5!1m1!4e2!1m2!1m1!1s0x12b06fb2ba911267:0xef9a7b460e64fee5?sa=X&amp;ved=1t:57443&amp;ictx=111\" target=\"_blank\" rel=\"noopener\">2 Place de la R\u00e9volution Fran\u00e7aise &#8211; Perpignan<\/a><\/p>\n<\/div>\n<h2>Horaires<\/h2>\n<div>\n<h3>Mar-Dim<\/h3>\n<div>\n<p>11h00 &gt; 17h30<\/p>\n<\/div>\n<\/div>\n<h2>ENtr\u00e9e libre et gratuite<\/h2>\n<div>\n<p>42.6999963,2.898387<\/p>\n<h1>Chapelle du Tiers-Ordre<\/h1>\n<div>\n<p>2 place de la R\u00e9volution Fran\u00e7aise<\/p>\n<p>PERPIGNAN<\/p>\n<\/div>\n<\/div>\n<p><!--more--><br \/>\n<!-- {\"type\":\"layout\",\"children\":[{\"name\":\"Image\",\"type\":\"section\",\"props\":{\"height\":\"viewport\",\"height_viewport\":40,\"image\":\"wp-content\/uploads\/2026\/01\/IMG_7568.png\",\"image_effect\":\"fixed\",\"image_loading\":true,\"image_position\":\"center-center\",\"image_size\":\"cover\",\"image_width\":\"2560\",\"padding_bottom\":\"large\",\"padding_top\":\"large\",\"preserve_color\":false,\"style\":\"default\",\"text_color\":\"light\",\"title_breakpoint\":\"xl\",\"title_position\":\"top-left\",\"title_rotation\":\"left\",\"vertical_align\":\"middle\",\"width\":\"default\"},\"children\":[{\"type\":\"row\",\"children\":[{\"type\":\"column\",\"props\":{\"image_position\":\"center-center\",\"position_sticky_breakpoint\":\"m\",\"width_medium\":\"1-1\"}}],\"props\":{\"status\":\"disabled\"}}]},{\"type\":\"section\",\"props\":{\"image_position\":\"center-center\",\"style\":\"default\",\"title_breakpoint\":\"xl\",\"title_position\":\"top-left\",\"title_rotation\":\"left\",\"vertical_align\":\"middle\",\"width\":\"default\"},\"children\":[{\"type\":\"row\",\"children\":[{\"type\":\"column\",\"props\":{\"image_position\":\"center-center\",\"position_sticky_breakpoint\":\"m\",\"width_medium\":\"1-2\"},\"children\":[{\"type\":\"text\",\"props\":{\"column_breakpoint\":\"m\",\"content\":\"[contact-form-7 id=\\\"758d216\\\" title=\\\"contact\\\"]\",\"margin_bottom\":\"default\",\"margin_top\":\"default\"}}]},{\"type\":\"column\",\"props\":{\"image_position\":\"center-center\",\"position_sticky_breakpoint\":\"m\",\"width_medium\":\"1-2\"},\"children\":[{\"type\":\"headline\",\"props\":{\"content\":\"Vous souhaitez me contacter ?<br \/>C'est bien ici\u00a0 !\",\"image_align\":\"left\",\"image_margin\":\"xsmall\",\"maxwidth\":\"2xlarge\",\"text_align\":\"left\",\"title_element\":\"h1\",\"title_style\":\"h3\"}},{\"type\":\"text\",\"props\":{\"column_breakpoint\":\"m\",\"content\":\"\",\"margin_bottom\":\"medium\",\"margin_top\":\"medium\",\"maxwidth\":\"xlarge\",\"text_align\":\"left\"}},{\"type\":\"headline\",\"props\":{\"content\":\"\",\"image_align\":\"left\",\"image_margin\":\"xsmall\",\"margin_bottom\":\"remove\",\"margin_top\":\"medium\",\"title_decoration\":\"divider\",\"title_element\":\"h2\",\"title_style\":\"h4\"}},{\"name\":\"Description List Title Width Fixed\",\"type\":\"description_list\",\"children\":[{\"type\":\"description_list_item\",\"props\":{\"content\":\"06 22 39 72 30\",\"link\":\"tel:+33622397230\",\"meta\":\"\",\"title\":\"T\u00e9l\u00e9phone\"}},{\"type\":\"description_list_item\",\"props\":{\"content\":\"contact@alicelapeyre.fr\",\"link\":\"mailto:contact@alicelapeyre.fr\",\"link_target\":true,\"meta\":\"\",\"title\":\"E-Mail\"}}],\"props\":{\"column_breakpoint\":\"m\",\"layout\":\"grid-2\",\"link_style\":\"text\",\"list_element\":\"ul\",\"meta_align\":\"above-content\",\"meta_style\":\"\",\"show_content\":true,\"show_link\":true,\"show_meta\":true,\"show_title\":true,\"title_colon\":true,\"title_element\":\"div\",\"title_grid_column_gap\":\"small\",\"title_grid_row_gap\":\"small\",\"title_grid_width\":\"small\",\"title_leader\":false}},{\"name\":\"List Columns Thirds\",\"type\":\"list\",\"children\":[{\"type\":\"list_item\",\"props\":{\"content\":\"@alicelapeyre_\",\"icon\":\"instagram\",\"image\":\"\",\"link\":\"https:\/\/www.instagram.com\/alicelapeyre_\/\"}},{\"type\":\"list_item\",\"props\":{\"content\":\"@alicelapeyrestudio\",\"icon\":\"facebook\",\"image\":\"\",\"link\":\"https:\/\/www.facebook.com\/alicelapeyrestudio\"}}],\"props\":{\"column\":\"1-3\",\"column_breakpoint\":\"s\",\"image_align\":\"left\",\"image_svg_color\":\"emphasis\",\"image_svg_inline\":true,\"image_vertical_align\":true,\"list_element\":\"ul\",\"list_horizontal_separator\":\", \",\"list_type\":\"vertical\",\"show_image\":true,\"show_link\":true}},{\"type\":\"headline\",\"props\":{\"content\":\"VENIR \u00e0 L'EXPO\",\"image_align\":\"left\",\"image_margin\":\"xsmall\",\"margin_bottom\":\"remove\",\"margin_top\":\"medium\",\"title_decoration\":\"divider\",\"title_element\":\"h2\",\"title_style\":\"h4\"}},{\"type\":\"text\",\"props\":{\"column_breakpoint\":\"m\",\"content\":\"\n\n<p><a href=\\\"https:\/\/www.google.com\/maps\/dir\/\/Chapelle+du+Tiers-Ordre+de+Saint+Dominique,+Pl.+de+la+R%C3%A9volution+Fran%C3%A7aise,+66000+Perpignan\/data=!4m6!4m5!1m1!4e2!1m2!1m1!1s0x12b06fb2ba911267:0xef9a7b460e64fee5?sa=X&amp;ved=1t:57443&amp;ictx=111\\\" target=\\\"_blank\\\" rel=\\\"noopener\\\">Chapelle du Tiers-Ordre<\/a><br \/><a href=\\\"https:\/\/www.google.com\/maps\/dir\/\/Chapelle+du+Tiers-Ordre+de+Saint+Dominique,+Pl.+de+la+R%C3%A9volution+Fran%C3%A7aise,+66000+Perpignan\/data=!4m6!4m5!1m1!4e2!1m2!1m1!1s0x12b06fb2ba911267:0xef9a7b460e64fee5?sa=X&amp;ved=1t:57443&amp;ictx=111\\\" target=\\\"_blank\\\" rel=\\\"noopener\\\">2 Place de la R\u00e9volution Fran\u00e7aise - Perpignan<\/a><\/p>\n\n\",\"margin_bottom\":\"default\",\"margin_top\":\"default\",\"text_align\":\"left\"}},{\"type\":\"headline\",\"props\":{\"content\":\"Horaires\",\"image_align\":\"left\",\"image_margin\":\"xsmall\",\"margin_bottom\":\"remove\",\"margin_top\":\"medium\",\"title_decoration\":\"divider\",\"title_element\":\"h2\",\"title_style\":\"h4\"}},{\"type\":\"description_list\",\"props\":{\"column_breakpoint\":\"m\",\"layout\":\"grid-2\",\"list_element\":\"ul\",\"meta_align\":\"below-content\",\"meta_style\":\"text-meta\",\"show_content\":true,\"show_link\":true,\"show_meta\":true,\"show_title\":true,\"title_element\":\"div\",\"title_grid_column_gap\":\"small\",\"title_grid_row_gap\":\"small\",\"title_grid_width\":\"small\"},\"children\":[{\"type\":\"description_list_item\",\"props\":{\"content\":\"\n\n<p>11h00 &gt; 17h30<\/p>\n\n\",\"title\":\"Mar-Dim\"}}]},{\"type\":\"headline\",\"props\":{\"content\":\"ENtr\u00e9e libre et gratuite\",\"image_align\":\"left\",\"image_margin\":\"xsmall\",\"title_element\":\"h2\",\"title_style\":\"h4\"}},{\"type\":\"text\",\"props\":{\"column_breakpoint\":\"m\",\"content\":\"\",\"margin_bottom\":\"remove\",\"margin_top\":\"remove\"}}]}],\"props\":{\"layout\":\"1-2,1-2\"}}]},{\"name\":\"Map\",\"type\":\"section\",\"props\":{\"image_position\":\"center-center\",\"padding_bottom\":\"none\",\"padding_top\":\"none\",\"style\":\"\",\"title_breakpoint\":\"xl\",\"title_position\":\"top-left\",\"title_rotation\":\"left\",\"vertical_align\":\"\",\"width\":\"\"},\"children\":[{\"type\":\"row\",\"children\":[{\"type\":\"column\",\"props\":{\"image_position\":\"center-center\",\"position_sticky_breakpoint\":\"m\",\"width_medium\":\"1-1\"},\"children\":[{\"type\":\"map\",\"props\":{\"controls\":true,\"dragging\":false,\"fit_bounds\":false,\"height\":\"600\",\"image_svg_color\":\"emphasis\",\"link_style\":\"default\",\"link_text\":\"Read more\",\"margin_bottom\":\"default\",\"margin_top\":\"default\",\"max_zoom\":18,\"meta_align\":\"below-title\",\"meta_element\":\"div\",\"meta_style\":\"text-meta\",\"min_zoom\":0,\"poi\":false,\"show_content\":true,\"show_image\":true,\"show_link\":true,\"show_meta\":true,\"show_title\":true,\"styler_gamma\":\"0.3\",\"styler_lightness\":\"90\",\"styler_saturation\":\"-100\",\"text_color\":\"dark\",\"title_element\":\"h1\",\"title_hover_style\":\"reset\",\"title_style\":\"h5\",\"type\":\"roadmap\",\"zoom\":\"16\",\"zooming\":false},\"children\":[{\"type\":\"map_item\",\"props\":{\"content\":\"\n\n<p>2 place de la R\u00e9volution Fran\u00e7aise<\/p>\n\n\\n\n\n<p>PERPIGNAN<\/p>\n\n\",\"location\":\"42.6999963,2.898387\",\"title\":\"Chapelle du Tiers-Ordre\"}}]}]}]}]}],\"version\":\"5.0.19\"} --><\/p>\n","protected":false},"excerpt":{"rendered":"<p>Vous souhaitez me contacter ?C&rsquo;est bien ici\u00a0 ! T\u00e9l\u00e9phone 06 22 39 72 30 E-Mail contact@alicelapeyre.fr @alicelapeyre_ @alicelapeyrestudio VENIR \u00e0 L&rsquo;EXPO Chapelle du Tiers-Ordre2 Place de la R\u00e9volution Fran\u00e7aise &#8211; Perpignan Horaires Mar-Dim 11h00 &gt; 17h30 ENtr\u00e9e libre et gratuite 42.6999963,2.898387 Chapelle du Tiers-Ordre 2 place de la R\u00e9volution Fran\u00e7aise PERPIGNAN<\/p>\n","protected":false},"author":3,"featured_media":0,"parent":0,"menu_order":0,"comment_status":"closed","ping_status":"closed","template":"","meta":{"footnotes":""},"class_list":["post-12219","page","type-page","status-publish","hentry"],"yoast_head":"<!-- This site is optimized with the Yoast SEO plugin v27.6 - https:\/\/yoast.com\/product\/yoast-seo-wordpress\/ -->\n<title>Contact | D\u00e9rive Chromatique<\/title>\n<meta name=\"robots\" content=\"index, follow, max-snippet:-1, max-image-preview:large, max-video-preview:-1\" \/>\n<link rel=\"canonical\" href=\"https:\/\/alicelapeyre.fr\/dc\/contact\/\" \/>\n<meta property=\"og:locale\" content=\"fr_FR\" \/>\n<meta property=\"og:type\" content=\"article\" \/>\n<meta property=\"og:title\" content=\"Contact | D\u00e9rive Chromatique\" \/>\n<meta property=\"og:description\" content=\"Vous souhaitez me contacter ?C&rsquo;est bien ici\u00a0 ! T\u00e9l\u00e9phone 06 22 39 72 30 E-Mail contact@alicelapeyre.fr @alicelapeyre_ @alicelapeyrestudio VENIR \u00e0 L&rsquo;EXPO Chapelle du Tiers-Ordre2 Place de la R\u00e9volution Fran\u00e7aise &#8211; Perpignan Horaires Mar-Dim 11h00 &gt; 17h30 ENtr\u00e9e libre et gratuite 42.6999963,2.898387 Chapelle du Tiers-Ordre 2 place de la R\u00e9volution Fran\u00e7aise PERPIGNAN\" \/>\n<meta property=\"og:url\" content=\"https:\/\/alicelapeyre.fr\/dc\/contact\/\" \/>\n<meta property=\"og:site_name\" content=\"D\u00e9rive Chromatique\" \/>\n<meta property=\"article:publisher\" content=\"https:\/\/www.facebook.com\/alice.lapeyre.communication\" \/>\n<meta property=\"article:modified_time\" content=\"2026-03-04T20:38:15+00:00\" \/>\n<meta property=\"og:image\" content=\"https:\/\/alicelapeyre.fr\/dc\/wp-content\/uploads\/2026\/01\/IMG_7460-1170x730.png\" \/>\n\t<meta property=\"og:image:width\" content=\"1170\" \/>\n\t<meta property=\"og:image:height\" content=\"730\" \/>\n\t<meta property=\"og:image:type\" content=\"image\/png\" \/>\n<meta name=\"twitter:card\" content=\"summary_large_image\" \/>\n<meta name=\"twitter:label1\" content=\"Dur\u00e9e de lecture estim\u00e9e\" \/>\n\t<meta name=\"twitter:data1\" content=\"1 minute\" \/>\n<script type=\"application\/ld+json\" class=\"yoast-schema-graph\">{\"@context\":\"https:\\\/\\\/schema.org\",\"@graph\":[{\"@type\":\"WebPage\",\"@id\":\"https:\\\/\\\/alicelapeyre.fr\\\/dc\\\/contact\\\/\",\"url\":\"https:\\\/\\\/alicelapeyre.fr\\\/dc\\\/contact\\\/\",\"name\":\"Contact | D\u00e9rive Chromatique\",\"isPartOf\":{\"@id\":\"https:\\\/\\\/alicelapeyre.fr\\\/dc\\\/#website\"},\"datePublished\":\"2026-01-29T09:35:21+00:00\",\"dateModified\":\"2026-03-04T20:38:15+00:00\",\"breadcrumb\":{\"@id\":\"https:\\\/\\\/alicelapeyre.fr\\\/dc\\\/contact\\\/#breadcrumb\"},\"inLanguage\":\"fr-FR\",\"potentialAction\":[{\"@type\":\"ReadAction\",\"target\":[\"https:\\\/\\\/alicelapeyre.fr\\\/dc\\\/contact\\\/\"]}]},{\"@type\":\"BreadcrumbList\",\"@id\":\"https:\\\/\\\/alicelapeyre.fr\\\/dc\\\/contact\\\/#breadcrumb\",\"itemListElement\":[{\"@type\":\"ListItem\",\"position\":1,\"name\":\"Accueil\",\"item\":\"https:\\\/\\\/alicelapeyre.fr\\\/dc\\\/\"},{\"@type\":\"ListItem\",\"position\":2,\"name\":\"Contact\"}]},{\"@type\":\"WebSite\",\"@id\":\"https:\\\/\\\/alicelapeyre.fr\\\/dc\\\/#website\",\"url\":\"https:\\\/\\\/alicelapeyre.fr\\\/dc\\\/\",\"name\":\"D\u00e9rive Chromatique\",\"description\":\"Exposition Photo - Chapelle du Tiers Ordre - Perpignan - Jusqu&#039;au 3 Mai\",\"publisher\":{\"@id\":\"https:\\\/\\\/alicelapeyre.fr\\\/dc\\\/#organization\"},\"potentialAction\":[{\"@type\":\"SearchAction\",\"target\":{\"@type\":\"EntryPoint\",\"urlTemplate\":\"https:\\\/\\\/alicelapeyre.fr\\\/dc\\\/?s={search_term_string}\"},\"query-input\":{\"@type\":\"PropertyValueSpecification\",\"valueRequired\":true,\"valueName\":\"search_term_string\"}}],\"inLanguage\":\"fr-FR\"},{\"@type\":\"Organization\",\"@id\":\"https:\\\/\\\/alicelapeyre.fr\\\/dc\\\/#organization\",\"name\":\"Alice Lapeyre\",\"url\":\"https:\\\/\\\/alicelapeyre.fr\\\/dc\\\/\",\"logo\":{\"@type\":\"ImageObject\",\"inLanguage\":\"fr-FR\",\"@id\":\"https:\\\/\\\/alicelapeyre.fr\\\/dc\\\/#\\\/schema\\\/logo\\\/image\\\/\",\"url\":\"https:\\\/\\\/alicelapeyre.fr\\\/dc\\\/wp-content\\\/uploads\\\/2026\\\/01\\\/LOGO-PICTO-NOIR.png\",\"contentUrl\":\"https:\\\/\\\/alicelapeyre.fr\\\/dc\\\/wp-content\\\/uploads\\\/2026\\\/01\\\/LOGO-PICTO-NOIR.png\",\"width\":200,\"height\":300,\"caption\":\"Alice Lapeyre\"},\"image\":{\"@id\":\"https:\\\/\\\/alicelapeyre.fr\\\/dc\\\/#\\\/schema\\\/logo\\\/image\\\/\"},\"sameAs\":[\"https:\\\/\\\/www.facebook.com\\\/alice.lapeyre.communication\",\"https:\\\/\\\/www.instagram.com\\\/alice_lapeyre_communication\"]}]}<\/script>\n<!-- \/ Yoast SEO plugin. -->","yoast_head_json":{"title":"Contact | D\u00e9rive Chromatique","robots":{"index":"index","follow":"follow","max-snippet":"max-snippet:-1","max-image-preview":"max-image-preview:large","max-video-preview":"max-video-preview:-1"},"canonical":"https:\/\/alicelapeyre.fr\/dc\/contact\/","og_locale":"fr_FR","og_type":"article","og_title":"Contact | D\u00e9rive Chromatique","og_description":"Vous souhaitez me contacter ?C&rsquo;est bien ici\u00a0 ! T\u00e9l\u00e9phone 06 22 39 72 30 E-Mail contact@alicelapeyre.fr @alicelapeyre_ @alicelapeyrestudio VENIR \u00e0 L&rsquo;EXPO Chapelle du Tiers-Ordre2 Place de la R\u00e9volution Fran\u00e7aise &#8211; Perpignan Horaires Mar-Dim 11h00 &gt; 17h30 ENtr\u00e9e libre et gratuite 42.6999963,2.898387 Chapelle du Tiers-Ordre 2 place de la R\u00e9volution Fran\u00e7aise PERPIGNAN","og_url":"https:\/\/alicelapeyre.fr\/dc\/contact\/","og_site_name":"D\u00e9rive Chromatique","article_publisher":"https:\/\/www.facebook.com\/alice.lapeyre.communication","article_modified_time":"2026-03-04T20:38:15+00:00","og_image":[{"width":1170,"height":730,"url":"https:\/\/alicelapeyre.fr\/dc\/wp-content\/uploads\/2026\/01\/IMG_7460-1170x730.png","type":"image\/png"}],"twitter_card":"summary_large_image","twitter_misc":{"Dur\u00e9e de lecture estim\u00e9e":"1 minute"},"schema":{"@context":"https:\/\/schema.org","@graph":[{"@type":"WebPage","@id":"https:\/\/alicelapeyre.fr\/dc\/contact\/","url":"https:\/\/alicelapeyre.fr\/dc\/contact\/","name":"Contact | D\u00e9rive Chromatique","isPartOf":{"@id":"https:\/\/alicelapeyre.fr\/dc\/#website"},"datePublished":"2026-01-29T09:35:21+00:00","dateModified":"2026-03-04T20:38:15+00:00","breadcrumb":{"@id":"https:\/\/alicelapeyre.fr\/dc\/contact\/#breadcrumb"},"inLanguage":"fr-FR","potentialAction":[{"@type":"ReadAction","target":["https:\/\/alicelapeyre.fr\/dc\/contact\/"]}]},{"@type":"BreadcrumbList","@id":"https:\/\/alicelapeyre.fr\/dc\/contact\/#breadcrumb","itemListElement":[{"@type":"ListItem","position":1,"name":"Accueil","item":"https:\/\/alicelapeyre.fr\/dc\/"},{"@type":"ListItem","position":2,"name":"Contact"}]},{"@type":"WebSite","@id":"https:\/\/alicelapeyre.fr\/dc\/#website","url":"https:\/\/alicelapeyre.fr\/dc\/","name":"D\u00e9rive Chromatique","description":"Exposition Photo - Chapelle du Tiers Ordre - Perpignan - Jusqu&#039;au 3 Mai","publisher":{"@id":"https:\/\/alicelapeyre.fr\/dc\/#organization"},"potentialAction":[{"@type":"SearchAction","target":{"@type":"EntryPoint","urlTemplate":"https:\/\/alicelapeyre.fr\/dc\/?s={search_term_string}"},"query-input":{"@type":"PropertyValueSpecification","valueRequired":true,"valueName":"search_term_string"}}],"inLanguage":"fr-FR"},{"@type":"Organization","@id":"https:\/\/alicelapeyre.fr\/dc\/#organization","name":"Alice Lapeyre","url":"https:\/\/alicelapeyre.fr\/dc\/","logo":{"@type":"ImageObject","inLanguage":"fr-FR","@id":"https:\/\/alicelapeyre.fr\/dc\/#\/schema\/logo\/image\/","url":"https:\/\/alicelapeyre.fr\/dc\/wp-content\/uploads\/2026\/01\/LOGO-PICTO-NOIR.png","contentUrl":"https:\/\/alicelapeyre.fr\/dc\/wp-content\/uploads\/2026\/01\/LOGO-PICTO-NOIR.png","width":200,"height":300,"caption":"Alice Lapeyre"},"image":{"@id":"https:\/\/alicelapeyre.fr\/dc\/#\/schema\/logo\/image\/"},"sameAs":["https:\/\/www.facebook.com\/alice.lapeyre.communication","https:\/\/www.instagram.com\/alice_lapeyre_communication"]}]}},"_links":{"self":[{"href":"https:\/\/alicelapeyre.fr\/dc\/wp-json\/wp\/v2\/pages\/12219","targetHints":{"allow":["GET"]}}],"collection":[{"href":"https:\/\/alicelapeyre.fr\/dc\/wp-json\/wp\/v2\/pages"}],"about":[{"href":"https:\/\/alicelapeyre.fr\/dc\/wp-json\/wp\/v2\/types\/page"}],"author":[{"embeddable":true,"href":"https:\/\/alicelapeyre.fr\/dc\/wp-json\/wp\/v2\/users\/3"}],"replies":[{"embeddable":true,"href":"https:\/\/alicelapeyre.fr\/dc\/wp-json\/wp\/v2\/comments?post=12219"}],"version-history":[{"count":5,"href":"https:\/\/alicelapeyre.fr\/dc\/wp-json\/wp\/v2\/pages\/12219\/revisions"}],"predecessor-version":[{"id":12538,"href":"https:\/\/alicelapeyre.fr\/dc\/wp-json\/wp\/v2\/pages\/12219\/revisions\/12538"}],"wp:attachment":[{"href":"https:\/\/alicelapeyre.fr\/dc\/wp-json\/wp\/v2\/media?parent=12219"}],"curies":[{"name":"wp","href":"https:\/\/api.w.org\/{rel}","templated":true}]}}